{"id":169,"date":"2020-08-19T08:46:05","date_gmt":"2020-08-19T08:46:05","guid":{"rendered":"http:\/\/2022.steinwerkstatt.com\/contact-us\/"},"modified":"2026-03-20T14:17:50","modified_gmt":"2026-03-20T13:17:50","slug":"kontakt","status":"publish","type":"page","link":"https:\/\/suedtirol.steinwerkstatt.com\/it\/kontakt\/","title":{"rendered":"Contatto"},"content":{"rendered":"\t\t<div data-elementor-type=\"wp-page\" data-elementor-id=\"169\" class=\"elementor elementor-169\">\n\t\t\t\t\t\t<section class=\"elementor-section elementor-top-section elementor-element elementor-element-99e028f elementor-section-boxed elementor-section-height-default elementor-section-height-default\" data-id=\"99e028f\" data-element_type=\"section\" data-e-type=\"section\" data-settings=\"{&quot;background_background&quot;:&quot;classic&quot;}\">\n\t\t\t\t\t\t\t<div class=\"elementor-background-overlay\"><\/div>\n\t\t\t\t\t\t\t<div class=\"elementor-container elementor-column-gap-no\">\n\t\t\t\t\t<div class=\"elementor-column elementor-col-100 elementor-top-column elementor-element elementor-element-8e81712\" data-id=\"8e81712\" data-element_type=\"column\" data-e-type=\"column\">\n\t\t\t<div class=\"elementor-widget-wrap elementor-element-populated\">\n\t\t\t\t\t\t<div class=\"elementor-element elementor-element-a3b4196 elementor-widget elementor-widget-heading\" data-id=\"a3b4196\" data-element_type=\"widget\" data-e-type=\"widget\" data-widget_type=\"heading.default\">\n\t\t\t\t<div class=\"elementor-widget-container\">\n\t\t\t\t\t<h1 class=\"elementor-heading-title elementor-size-default\">Kontakt Stein&shy;werkstatt Luis Schrade in S\u00fcdtirol<\/h1>\t\t\t\t<\/div>\n\t\t\t\t<\/div>\n\t\t\t\t\t<\/div>\n\t\t<\/div>\n\t\t\t\t\t<\/div>\n\t\t<\/section>\n\t\t\t\t<section class=\"elementor-section elementor-top-section elementor-element elementor-element-8e3dbf2 animated-slow elementor-section-boxed elementor-section-height-default elementor-section-height-default elementor-invisible\" data-id=\"8e3dbf2\" data-element_type=\"section\" data-e-type=\"section\" data-settings=\"{&quot;background_background&quot;:&quot;classic&quot;,&quot;animation&quot;:&quot;fadeIn&quot;}\">\n\t\t\t\t\t\t<div class=\"elementor-container elementor-column-gap-no\">\n\t\t\t\t\t<div class=\"elementor-column elementor-col-50 elementor-top-column elementor-element elementor-element-26f9c8b\" data-id=\"26f9c8b\" data-element_type=\"column\" data-e-type=\"column\">\n\t\t\t<div class=\"elementor-widget-wrap elementor-element-populated\">\n\t\t\t\t\t\t<div class=\"elementor-element elementor-element-d9e63be elementor-widget elementor-widget-heading\" data-id=\"d9e63be\" data-element_type=\"widget\" data-e-type=\"widget\" data-widget_type=\"heading.default\">\n\t\t\t\t<div class=\"elementor-widget-container\">\n\t\t\t\t\t<h2 class=\"elementor-heading-title elementor-size-default\">Die Steinwerkstatt in Plaus in S\u00fcdtirol<\/h2>\t\t\t\t<\/div>\n\t\t\t\t<\/div>\n\t\t\t\t<div class=\"elementor-element elementor-element-2a45686 elementor-widget elementor-widget-text-editor\" data-id=\"2a45686\" data-element_type=\"widget\" data-e-type=\"widget\" data-widget_type=\"text-editor.default\">\n\t\t\t\t<div class=\"elementor-widget-container\">\n\t\t\t\t\t\t\t\t\t<p>Kommen Sie vorbei &#8211; wir freuen uns auf Sie!<\/p>\t\t\t\t\t\t\t\t<\/div>\n\t\t\t\t<\/div>\n\t\t\t\t<div class=\"elementor-element elementor-element-a23c6a1 elementor-widget elementor-widget-text-editor\" data-id=\"a23c6a1\" data-element_type=\"widget\" data-e-type=\"widget\" data-widget_type=\"text-editor.default\">\n\t\t\t\t<div class=\"elementor-widget-container\">\n\t\t\t\t\t\t\t\t\t<p>Rufen Sie uns an oder schreiben Sie uns \u2013 wir nehmen uns gerne Zeit f\u00fcr Ihr Anliegen und vereinbaren einen Termin in unserer Steinwerkstatt in Plaus in S\u00fcdtirol.<\/p>\n<p>Gerne erstellen wir Ihnen ein unverbindliches Angebot.<\/p>\t\t\t\t\t\t\t\t<\/div>\n\t\t\t\t<\/div>\n\t\t\t\t<div class=\"elementor-element elementor-element-85b9c71 elementor-position-inline-start elementor-view-stacked elementor-widget__width-inherit elementor-widget-mobile__width-inherit elementor-shape-circle elementor-mobile-position-block-start elementor-widget elementor-widget-icon-box\" data-id=\"85b9c71\" data-element_type=\"widget\" data-e-type=\"widget\" data-widget_type=\"icon-box.default\">\n\t\t\t\t<div class=\"elementor-widget-container\">\n\t\t\t\t\t\t\t<div class=\"elementor-icon-box-wrapper\">\n\n\t\t\t\t\t\t<div class=\"elementor-icon-box-icon\">\n\t\t\t\t<span  class=\"elementor-icon\">\n\t\t\t\t<i aria-hidden=\"true\" class=\"fas fa-map-marker-alt\"><\/i>\t\t\t\t<\/span>\n\t\t\t<\/div>\n\t\t\t\n\t\t\t\t\t\t<div class=\"elementor-icon-box-content\">\n\n\t\t\t\t\t\t\t\t\t<h5 class=\"elementor-icon-box-title\">\n\t\t\t\t\t\t<span  >\n\t\t\t\t\t\t\tAdresse\t\t\t\t\t\t<\/span>\n\t\t\t\t\t<\/h5>\n\t\t\t\t\n\t\t\t\t\t\t\t\t\t<p class=\"elementor-icon-box-description\">\n\t\t\t\t\t\tGr\u00f6benweg 15, 39025 Plaus\t\t\t\t\t<\/p>\n\t\t\t\t\n\t\t\t<\/div>\n\t\t\t\n\t\t<\/div>\n\t\t\t\t\t\t<\/div>\n\t\t\t\t<\/div>\n\t\t\t\t<div class=\"elementor-element elementor-element-01aa805 elementor-position-inline-start elementor-view-stacked elementor-widget__width-inherit elementor-widget-mobile__width-inherit elementor-shape-circle elementor-mobile-position-block-start elementor-widget elementor-widget-icon-box\" data-id=\"01aa805\" data-element_type=\"widget\" data-e-type=\"widget\" data-widget_type=\"icon-box.default\">\n\t\t\t\t<div class=\"elementor-widget-container\">\n\t\t\t\t\t\t\t<div class=\"elementor-icon-box-wrapper\">\n\n\t\t\t\t\t\t<div class=\"elementor-icon-box-icon\">\n\t\t\t\t<a href=\"tel:00393388095687\" class=\"elementor-icon\" tabindex=\"-1\" aria-label=\"Telefon\">\n\t\t\t\t<i aria-hidden=\"true\" class=\"fas fa-phone\"><\/i>\t\t\t\t<\/a>\n\t\t\t<\/div>\n\t\t\t\n\t\t\t\t\t\t<div class=\"elementor-icon-box-content\">\n\n\t\t\t\t\t\t\t\t\t<h5 class=\"elementor-icon-box-title\">\n\t\t\t\t\t\t<a href=\"tel:00393388095687\" >\n\t\t\t\t\t\t\tTelefon\t\t\t\t\t\t<\/a>\n\t\t\t\t\t<\/h5>\n\t\t\t\t\n\t\t\t\t\t\t\t\t\t<p class=\"elementor-icon-box-description\">\n\t\t\t\t\t\t+39 338 809 5687\t\t\t\t\t<\/p>\n\t\t\t\t\n\t\t\t<\/div>\n\t\t\t\n\t\t<\/div>\n\t\t\t\t\t\t<\/div>\n\t\t\t\t<\/div>\n\t\t\t\t<div class=\"elementor-element elementor-element-ac9866e elementor-position-inline-start elementor-view-stacked elementor-widget__width-inherit elementor-widget-mobile__width-inherit elementor-shape-circle elementor-mobile-position-block-start elementor-widget elementor-widget-icon-box\" data-id=\"ac9866e\" data-element_type=\"widget\" data-e-type=\"widget\" data-widget_type=\"icon-box.default\">\n\t\t\t\t<div class=\"elementor-widget-container\">\n\t\t\t\t\t\t\t<div class=\"elementor-icon-box-wrapper\">\n\n\t\t\t\t\t\t<div class=\"elementor-icon-box-icon\">\n\t\t\t\t<a href=\"mailto:luis@schrade-stein-bildhauer.com\" class=\"elementor-icon\" tabindex=\"-1\" aria-label=\"E-Mail\">\n\t\t\t\t<i aria-hidden=\"true\" class=\"fas fa-envelope\"><\/i>\t\t\t\t<\/a>\n\t\t\t<\/div>\n\t\t\t\n\t\t\t\t\t\t<div class=\"elementor-icon-box-content\">\n\n\t\t\t\t\t\t\t\t\t<h5 class=\"elementor-icon-box-title\">\n\t\t\t\t\t\t<a href=\"mailto:luis@schrade-stein-bildhauer.com\" >\n\t\t\t\t\t\t\tE-Mail\t\t\t\t\t\t<\/a>\n\t\t\t\t\t<\/h5>\n\t\t\t\t\n\t\t\t\t\t\t\t\t\t<p class=\"elementor-icon-box-description\">\n\t\t\t\t\t\tluis@schrade-stein-bildhauer.com\t\t\t\t\t<\/p>\n\t\t\t\t\n\t\t\t<\/div>\n\t\t\t\n\t\t<\/div>\n\t\t\t\t\t\t<\/div>\n\t\t\t\t<\/div>\n\t\t\t\t\t<\/div>\n\t\t<\/div>\n\t\t\t\t<div class=\"elementor-column elementor-col-50 elementor-top-column elementor-element elementor-element-2f2ce29\" data-id=\"2f2ce29\" data-element_type=\"column\" data-e-type=\"column\" data-settings=\"{&quot;background_background&quot;:&quot;classic&quot;}\">\n\t\t\t<div class=\"elementor-widget-wrap elementor-element-populated\">\n\t\t\t\t\t\t<div class=\"elementor-element elementor-element-c175d2f elementor-widget elementor-widget-wpforms\" data-id=\"c175d2f\" data-element_type=\"widget\" data-e-type=\"widget\" data-widget_type=\"wpforms.default\">\n\t\t\t\t<div class=\"elementor-widget-container\">\n\t\t\t\t\t<div class=\"wpforms-container \" id=\"wpforms-7\"><form id=\"wpforms-form-7\" class=\"wpforms-validate wpforms-form\" data-formid=\"7\" method=\"post\" enctype=\"multipart\/form-data\" action=\"\/it\/wp-json\/wp\/v2\/pages\/169\" data-token=\"ae66ba8a9cbefb1dcc52f80953a54229\" data-token-time=\"1776007448\"><noscript class=\"wpforms-error-noscript\">Abilita JavaScript nel browser per completare questo modulo.<\/noscript><div class=\"wpforms-field-container\"><div id=\"wpforms-7-field_0-container\" class=\"wpforms-field wpforms-field-name\" data-field-id=\"0\"><label class=\"wpforms-field-label wpforms-label-hide\" for=\"wpforms-7-field_0\">Name <span class=\"wpforms-required-label\">*<\/span><\/label><input type=\"text\" id=\"wpforms-7-field_0\" class=\"wpforms-field-large wpforms-field-required\" name=\"wpforms[fields][0]\" placeholder=\"Ihr Name\" required><\/div><div id=\"wpforms-7-field_1-container\" class=\"wpforms-field wpforms-field-email\" data-field-id=\"1\"><label class=\"wpforms-field-label wpforms-label-hide\" for=\"wpforms-7-field_1\">E-Mail <span class=\"wpforms-required-label\">*<\/span><\/label><input type=\"email\" id=\"wpforms-7-field_1\" class=\"wpforms-field-large wpforms-field-required\" name=\"wpforms[fields][1]\" placeholder=\"Ihre E-Mailadresse\" spellcheck=\"false\" required><\/div><div id=\"wpforms-7-field_3-container\" class=\"wpforms-field wpforms-field-text\" data-field-id=\"3\"><label class=\"wpforms-field-label wpforms-label-hide\" for=\"wpforms-7-field_3\">Telefonnummer<\/label><input type=\"text\" id=\"wpforms-7-field_3\" class=\"wpforms-field-large\" name=\"wpforms[fields][3]\" placeholder=\"Ihre Telefonnummer\" ><\/div><div id=\"wpforms-7-field_5-container\" class=\"wpforms-field wpforms-field-text\" data-field-id=\"5\"><label class=\"wpforms-field-label wpforms-label-hide\" for=\"wpforms-7-field_5\">Betreff <span class=\"wpforms-required-label\">*<\/span><\/label><input type=\"text\" id=\"wpforms-7-field_5\" class=\"wpforms-field-large wpforms-field-required\" name=\"wpforms[fields][5]\" placeholder=\"Ihr Anliegen\" required><\/div><div id=\"wpforms-7-field_2-container\" class=\"wpforms-field wpforms-field-textarea\" data-field-id=\"2\"><label class=\"wpforms-field-label wpforms-label-hide\" for=\"wpforms-7-field_2\">Nachricht <span class=\"wpforms-required-label\">*<\/span><\/label><textarea id=\"wpforms-7-field_2\" class=\"wpforms-field-medium wpforms-field-required\" name=\"wpforms[fields][2]\" placeholder=\"Ihre Nachricht an uns\" required><\/textarea><\/div><div id=\"wpforms-7-field_6-container\" class=\"wpforms-field wpforms-field-checkbox\" data-field-id=\"6\"><label class=\"wpforms-field-label\">Datenschutzabfrage <span class=\"wpforms-required-label\">*<\/span><\/label><ul id=\"wpforms-7-field_6\" class=\"wpforms-field-required\"><li class=\"choice-1 depth-1\"><input type=\"checkbox\" id=\"wpforms-7-field_6_1\" name=\"wpforms[fields][6][]\" value=\"Akzeptieren\" required ><label class=\"wpforms-field-label-inline\" for=\"wpforms-7-field_6_1\">Akzeptieren<\/label><\/li><\/ul><div class=\"wpforms-field-description\">Ja, ich habe die Datenschutzerkl\u00e4rung zur Kenntnis genommen und bin damit einverstanden, dass die von mir angegebenen Daten elektronisch erhoben und gespeichert werden. Meine Daten werden dabei nur streng zweckgebunden zur Bearbeitung und Beantwortung meiner Anfrage benutzt. Mit dem Absenden des Kontaktformulars erkl\u00e4re ich mich mit der Verarbeitung einverstanden. <\/div><\/div><\/div><!-- .wpforms-field-container --><div class=\"wpforms-submit-container\" ><input type=\"hidden\" name=\"wpforms[id]\" value=\"7\"><input type=\"hidden\" name=\"page_title\" value=\"\"><input type=\"hidden\" name=\"page_url\" value=\"https:\/\/suedtirol.steinwerkstatt.com\/it\/wp-json\/wp\/v2\/pages\/169\"><input type=\"hidden\" name=\"url_referer\" value=\"\"><button type=\"submit\" name=\"wpforms[submit]\" id=\"wpforms-submit-7\" class=\"wpforms-submit\" data-alt-text=\"Sending...\" data-submit-text=\"Anfrage absenden\" aria-live=\"assertive\" value=\"wpforms-submit\">Anfrage absenden<\/button><\/div><\/form><\/div>  <!-- .wpforms-container -->\t\t\t\t<\/div>\n\t\t\t\t<\/div>\n\t\t\t\t\t<\/div>\n\t\t<\/div>\n\t\t\t\t\t<\/div>\n\t\t<\/section>\n\t\t\t\t<section class=\"elementor-section elementor-top-section elementor-element elementor-element-f16ead9 animated-slow elementor-section-boxed elementor-section-height-default elementor-section-height-default elementor-invisible\" data-id=\"f16ead9\" data-element_type=\"section\" data-e-type=\"section\" data-settings=\"{&quot;animation&quot;:&quot;fadeIn&quot;}\">\n\t\t\t\t\t\t<div class=\"elementor-container elementor-column-gap-default\">\n\t\t\t\t\t<div class=\"elementor-column elementor-col-100 elementor-top-column elementor-element elementor-element-f3bcf0f\" data-id=\"f3bcf0f\" data-element_type=\"column\" data-e-type=\"column\">\n\t\t\t<div class=\"elementor-widget-wrap elementor-element-populated\">\n\t\t\t\t\t\t<div class=\"elementor-element elementor-element-0f97224 elementor-widget elementor-widget-google_maps\" data-id=\"0f97224\" data-element_type=\"widget\" data-e-type=\"widget\" data-widget_type=\"google_maps.default\">\n\t\t\t\t<div class=\"elementor-widget-container\">\n\t\t\t\t\t\t\t<div class=\"elementor-custom-embed\">\n\t\t\t<iframe loading=\"lazy\"\n\t\t\t\t\tsrc=\"https:\/\/maps.google.com\/maps?q=G%C3%BCnther%20Schrade&#038;t=m&#038;z=12&#038;output=embed&#038;iwloc=near\"\n\t\t\t\t\ttitle=\"G\u00fcnther Schrade\"\n\t\t\t\t\taria-label=\"G\u00fcnther Schrade\"\n\t\t\t><\/iframe>\n\t\t<\/div>\n\t\t\t\t\t\t<\/div>\n\t\t\t\t<\/div>\n\t\t\t\t\t<\/div>\n\t\t<\/div>\n\t\t\t\t\t<\/div>\n\t\t<\/section>\n\t\t\t\t<\/div>\n\t\t","protected":false},"excerpt":{"rendered":"<p>Kontakt Stein&shy;werkstatt Luis Schrade in S\u00fcdtirol Die Steinwerkstatt in Plaus in S\u00fcdtirol Kommen Sie vorbei &#8211; wir freuen uns auf Sie! Rufen Sie uns an oder schreiben Sie uns \u2013 wir nehmen uns gerne Zeit f\u00fcr Ihr Anliegen und vereinbaren einen Termin in unserer Steinwerkstatt in Plaus in S\u00fcdtirol. Gerne erstellen wir Ihnen ein unverbindliches [&hellip;]<\/p>\n","protected":false},"author":1,"featured_media":0,"parent":0,"menu_order":0,"comment_status":"closed","ping_status":"closed","template":"","meta":{"site-sidebar-layout":"no-sidebar","site-content-layout":"page-builder","ast-site-content-layout":"full-width-container","site-content-style":"unboxed","site-sidebar-style":"unboxed","ast-global-header-display":"","ast-banner-title-visibility":"","ast-main-header-display":"","ast-hfb-above-header-display":"","ast-hfb-below-header-display":"","ast-hfb-mobile-header-display":"","site-post-title":"disabled","ast-breadcrumbs-content":"","ast-featured-img":"disabled","footer-sml-layout":"","ast-disable-related-posts":"","theme-transparent-header-meta":"enabled","adv-header-id-meta":"","stick-header-meta":"","header-above-stick-meta":"","header-main-stick-meta":"","header-below-stick-meta":"","astra-migrate-meta-layouts":"set","ast-page-background-enabled":"default","ast-page-background-meta":{"desktop":{"background-color":"","background-image":"","background-repeat":"repeat","background-position":"center center","background-size":"auto","background-attachment":"scroll","background-type":"","background-media":"","overlay-type":"","overlay-color":"","overlay-opacity":"","overlay-gradient":""},"tablet":{"background-color":"","background-image":"","background-repeat":"repeat","background-position":"center center","background-size":"auto","background-attachment":"scroll","background-type":"","background-media":"","overlay-type":"","overlay-color":"","overlay-opacity":"","overlay-gradient":""},"mobile":{"background-color":"","background-image":"","background-repeat":"repeat","background-position":"center center","background-size":"auto","background-attachment":"scroll","background-type":"","background-media":"","overlay-type":"","overlay-color":"","overlay-opacity":"","overlay-gradient":""}},"ast-content-background-meta":{"desktop":{"background-color":"var(--ast-global-color-5)","background-image":"","background-repeat":"repeat","background-position":"center center","background-size":"auto","background-attachment":"scroll","background-type":"","background-media":"","overlay-type":"","overlay-color":"","overlay-opacity":"","overlay-gradient":""},"tablet":{"background-color":"var(--ast-global-color-5)","background-image":"","background-repeat":"repeat","background-position":"center center","background-size":"auto","background-attachment":"scroll","background-type":"","background-media":"","overlay-type":"","overlay-color":"","overlay-opacity":"","overlay-gradient":""},"mobile":{"background-color":"var(--ast-global-color-5)","background-image":"","background-repeat":"repeat","background-position":"center center","background-size":"auto","background-attachment":"scroll","background-type":"","background-media":"","overlay-type":"","overlay-color":"","overlay-opacity":"","overlay-gradient":""}},"footnotes":""},"class_list":["post-169","page","type-page","status-publish","hentry"],"yoast_head":"<!-- This site is optimized with the Yoast SEO plugin v27.2 - https:\/\/yoast.com\/product\/yoast-seo-wordpress\/ -->\n<title>Kontakt Steinwerkstatt Schrade | Plaus bei Meran, S\u00fcdtirol<\/title>\n<meta name=\"description\" content=\"Kontaktieren Sie die Steinwerkstatt Schrade in Plaus bei Meran, S\u00fcdtirol: Ihr Ansprechpartner f\u00fcr Naturstein, Grabsteine &amp; Bildhauerei. Unverbindlich anfragen.\" \/>\n<meta name=\"robots\" content=\"index, follow, max-snippet:-1, max-image-preview:large, max-video-preview:-1\" \/>\n<link rel=\"canonical\" href=\"https:\/\/suedtirol.steinwerkstatt.com\/it\/kontakt\/\" \/>\n<meta property=\"og:locale\" content=\"it_IT\" \/>\n<meta property=\"og:type\" content=\"article\" \/>\n<meta property=\"og:title\" content=\"Kontakt Steinwerkstatt Schrade | Plaus bei Meran, S\u00fcdtirol\" \/>\n<meta property=\"og:description\" content=\"Kontaktieren Sie die Steinwerkstatt Schrade in Plaus bei Meran, S\u00fcdtirol: Ihr Ansprechpartner f\u00fcr Naturstein, Grabsteine &amp; Bildhauerei. Unverbindlich anfragen.\" \/>\n<meta property=\"og:url\" content=\"https:\/\/suedtirol.steinwerkstatt.com\/it\/kontakt\/\" \/>\n<meta property=\"og:site_name\" content=\"Schrade Stein Bildhauer\" \/>\n<meta property=\"article:modified_time\" content=\"2026-03-20T13:17:50+00:00\" \/>\n<meta property=\"og:image\" content=\"https:\/\/suedtirol.steinwerkstatt.com\/wp-content\/uploads\/2022\/02\/Schrade-Luis-11.jpg\" \/>\n\t<meta property=\"og:image:width\" content=\"1920\" \/>\n\t<meta property=\"og:image:height\" content=\"1280\" \/>\n\t<meta property=\"og:image:type\" content=\"image\/jpeg\" \/>\n<meta name=\"twitter:card\" content=\"summary_large_image\" \/>\n<meta name=\"twitter:label1\" content=\"Tempo di lettura stimato\" \/>\n\t<meta name=\"twitter:data1\" content=\"1 minuto\" \/>\n<script type=\"application\/ld+json\" class=\"yoast-schema-graph\">{\"@context\":\"https:\/\/schema.org\",\"@graph\":[{\"@type\":\"WebPage\",\"@id\":\"https:\/\/suedtirol.steinwerkstatt.com\/kontakt\/\",\"url\":\"https:\/\/suedtirol.steinwerkstatt.com\/kontakt\/\",\"name\":\"Kontakt Steinwerkstatt Schrade | Plaus bei Meran, S\u00fcdtirol\",\"isPartOf\":{\"@id\":\"https:\/\/suedtirol.steinwerkstatt.com\/#website\"},\"datePublished\":\"2020-08-19T08:46:05+00:00\",\"dateModified\":\"2026-03-20T13:17:50+00:00\",\"description\":\"Kontaktieren Sie die Steinwerkstatt Schrade in Plaus bei Meran, S\u00fcdtirol: Ihr Ansprechpartner f\u00fcr Naturstein, Grabsteine & Bildhauerei. Unverbindlich anfragen.\",\"breadcrumb\":{\"@id\":\"https:\/\/suedtirol.steinwerkstatt.com\/kontakt\/#breadcrumb\"},\"inLanguage\":\"it-IT\",\"potentialAction\":[{\"@type\":\"ReadAction\",\"target\":[\"https:\/\/suedtirol.steinwerkstatt.com\/kontakt\/\"]}]},{\"@type\":\"BreadcrumbList\",\"@id\":\"https:\/\/suedtirol.steinwerkstatt.com\/kontakt\/#breadcrumb\",\"itemListElement\":[{\"@type\":\"ListItem\",\"position\":1,\"name\":\"Start\",\"item\":\"https:\/\/suedtirol.steinwerkstatt.com\/\"},{\"@type\":\"ListItem\",\"position\":2,\"name\":\"Kontakt\"}]},{\"@type\":\"WebSite\",\"@id\":\"https:\/\/suedtirol.steinwerkstatt.com\/#website\",\"url\":\"https:\/\/suedtirol.steinwerkstatt.com\/\",\"name\":\"Schrade Stein Bildhauer\",\"description\":\"Luis Schrade - Steinwerkstatt in Isny, Maierh\u00f6fen\",\"publisher\":{\"@id\":\"https:\/\/suedtirol.steinwerkstatt.com\/#organization\"},\"potentialAction\":[{\"@type\":\"SearchAction\",\"target\":{\"@type\":\"EntryPoint\",\"urlTemplate\":\"https:\/\/suedtirol.steinwerkstatt.com\/?s={search_term_string}\"},\"query-input\":{\"@type\":\"PropertyValueSpecification\",\"valueRequired\":true,\"valueName\":\"search_term_string\"}}],\"inLanguage\":\"it-IT\"},{\"@type\":\"Organization\",\"@id\":\"https:\/\/suedtirol.steinwerkstatt.com\/#organization\",\"name\":\"Schrade Stein Bildhauer\",\"url\":\"https:\/\/suedtirol.steinwerkstatt.com\/\",\"logo\":{\"@type\":\"ImageObject\",\"inLanguage\":\"it-IT\",\"@id\":\"https:\/\/suedtirol.steinwerkstatt.com\/#\/schema\/logo\/image\/\",\"url\":\"https:\/\/suedtirol.steinwerkstatt.com\/wp-content\/uploads\/2022\/03\/cropped-logo.png\",\"contentUrl\":\"https:\/\/suedtirol.steinwerkstatt.com\/wp-content\/uploads\/2022\/03\/cropped-logo.png\",\"width\":505,\"height\":228,\"caption\":\"Schrade Stein Bildhauer\"},\"image\":{\"@id\":\"https:\/\/suedtirol.steinwerkstatt.com\/#\/schema\/logo\/image\/\"},\"sameAs\":[\"https:\/\/www.instagram.com\/luisschrade\/\"]}]}<\/script>\n<!-- \/ Yoast SEO plugin. -->","yoast_head_json":{"title":"Kontakt Steinwerkstatt Schrade | Plaus bei Meran, S\u00fcdtirol","description":"Kontaktieren Sie die Steinwerkstatt Schrade in Plaus bei Meran, S\u00fcdtirol: Ihr Ansprechpartner f\u00fcr Naturstein, Grabsteine & Bildhauerei. Unverbindlich anfragen.","robots":{"index":"index","follow":"follow","max-snippet":"max-snippet:-1","max-image-preview":"max-image-preview:large","max-video-preview":"max-video-preview:-1"},"canonical":"https:\/\/suedtirol.steinwerkstatt.com\/it\/kontakt\/","og_locale":"it_IT","og_type":"article","og_title":"Kontakt Steinwerkstatt Schrade | Plaus bei Meran, S\u00fcdtirol","og_description":"Kontaktieren Sie die Steinwerkstatt Schrade in Plaus bei Meran, S\u00fcdtirol: Ihr Ansprechpartner f\u00fcr Naturstein, Grabsteine & Bildhauerei. Unverbindlich anfragen.","og_url":"https:\/\/suedtirol.steinwerkstatt.com\/it\/kontakt\/","og_site_name":"Schrade Stein Bildhauer","article_modified_time":"2026-03-20T13:17:50+00:00","og_image":[{"width":1920,"height":1280,"url":"https:\/\/suedtirol.steinwerkstatt.com\/wp-content\/uploads\/2022\/02\/Schrade-Luis-11.jpg","type":"image\/jpeg"}],"twitter_card":"summary_large_image","twitter_misc":{"Tempo di lettura stimato":"1 minuto"},"schema":{"@context":"https:\/\/schema.org","@graph":[{"@type":"WebPage","@id":"https:\/\/suedtirol.steinwerkstatt.com\/kontakt\/","url":"https:\/\/suedtirol.steinwerkstatt.com\/kontakt\/","name":"Kontakt Steinwerkstatt Schrade | Plaus bei Meran, S\u00fcdtirol","isPartOf":{"@id":"https:\/\/suedtirol.steinwerkstatt.com\/#website"},"datePublished":"2020-08-19T08:46:05+00:00","dateModified":"2026-03-20T13:17:50+00:00","description":"Kontaktieren Sie die Steinwerkstatt Schrade in Plaus bei Meran, S\u00fcdtirol: Ihr Ansprechpartner f\u00fcr Naturstein, Grabsteine & Bildhauerei. Unverbindlich anfragen.","breadcrumb":{"@id":"https:\/\/suedtirol.steinwerkstatt.com\/kontakt\/#breadcrumb"},"inLanguage":"it-IT","potentialAction":[{"@type":"ReadAction","target":["https:\/\/suedtirol.steinwerkstatt.com\/kontakt\/"]}]},{"@type":"BreadcrumbList","@id":"https:\/\/suedtirol.steinwerkstatt.com\/kontakt\/#breadcrumb","itemListElement":[{"@type":"ListItem","position":1,"name":"Start","item":"https:\/\/suedtirol.steinwerkstatt.com\/"},{"@type":"ListItem","position":2,"name":"Kontakt"}]},{"@type":"WebSite","@id":"https:\/\/suedtirol.steinwerkstatt.com\/#website","url":"https:\/\/suedtirol.steinwerkstatt.com\/","name":"Schrade Stein Bildhauer","description":"Luis Schrade - Steinwerkstatt in Isny, Maierh\u00f6fen","publisher":{"@id":"https:\/\/suedtirol.steinwerkstatt.com\/#organization"},"potentialAction":[{"@type":"SearchAction","target":{"@type":"EntryPoint","urlTemplate":"https:\/\/suedtirol.steinwerkstatt.com\/?s={search_term_string}"},"query-input":{"@type":"PropertyValueSpecification","valueRequired":true,"valueName":"search_term_string"}}],"inLanguage":"it-IT"},{"@type":"Organization","@id":"https:\/\/suedtirol.steinwerkstatt.com\/#organization","name":"Schrade Stein Bildhauer","url":"https:\/\/suedtirol.steinwerkstatt.com\/","logo":{"@type":"ImageObject","inLanguage":"it-IT","@id":"https:\/\/suedtirol.steinwerkstatt.com\/#\/schema\/logo\/image\/","url":"https:\/\/suedtirol.steinwerkstatt.com\/wp-content\/uploads\/2022\/03\/cropped-logo.png","contentUrl":"https:\/\/suedtirol.steinwerkstatt.com\/wp-content\/uploads\/2022\/03\/cropped-logo.png","width":505,"height":228,"caption":"Schrade Stein Bildhauer"},"image":{"@id":"https:\/\/suedtirol.steinwerkstatt.com\/#\/schema\/logo\/image\/"},"sameAs":["https:\/\/www.instagram.com\/luisschrade\/"]}]}},"_links":{"self":[{"href":"https:\/\/suedtirol.steinwerkstatt.com\/it\/wp-json\/wp\/v2\/pages\/169","targetHints":{"allow":["GET"]}}],"collection":[{"href":"https:\/\/suedtirol.steinwerkstatt.com\/it\/wp-json\/wp\/v2\/pages"}],"about":[{"href":"https:\/\/suedtirol.steinwerkstatt.com\/it\/wp-json\/wp\/v2\/types\/page"}],"author":[{"embeddable":true,"href":"https:\/\/suedtirol.steinwerkstatt.com\/it\/wp-json\/wp\/v2\/users\/1"}],"replies":[{"embeddable":true,"href":"https:\/\/suedtirol.steinwerkstatt.com\/it\/wp-json\/wp\/v2\/comments?post=169"}],"version-history":[{"count":0,"href":"https:\/\/suedtirol.steinwerkstatt.com\/it\/wp-json\/wp\/v2\/pages\/169\/revisions"}],"wp:attachment":[{"href":"https:\/\/suedtirol.steinwerkstatt.com\/it\/wp-json\/wp\/v2\/media?parent=169"}],"curies":[{"name":"wp","href":"https:\/\/api.w.org\/{rel}","templated":true}]}}