{"id":513,"date":"2022-02-02T12:36:41","date_gmt":"2022-02-02T11:36:41","guid":{"rendered":"http:\/\/2022.steinwerkstatt.com\/?page_id=513"},"modified":"2026-03-12T17:12:53","modified_gmt":"2026-03-12T16:12:53","slug":"impressum","status":"publish","type":"page","link":"https:\/\/suedtirol.steinwerkstatt.com\/it\/impressum\/","title":{"rendered":"Colophon"},"content":{"rendered":"<div data-elementor-type=\"wp-page\" data-elementor-id=\"513\" class=\"elementor elementor-513\">\n\t\t\t\t\t\t<section class=\"elementor-section elementor-top-section elementor-element elementor-element-da19b72 elementor-section-boxed elementor-section-height-default elementor-section-height-default elementor-invisible\" data-id=\"da19b72\" data-element_type=\"section\" data-e-type=\"section\" data-settings=\"{&quot;background_background&quot;:&quot;classic&quot;,&quot;animation&quot;:&quot;fadeIn&quot;}\">\n\t\t\t\t\t\t<div class=\"elementor-container elementor-column-gap-no\">\n\t\t\t\t\t<div class=\"elementor-column elementor-col-100 elementor-top-column elementor-element elementor-element-cd14589\" data-id=\"cd14589\" data-element_type=\"column\" data-e-type=\"column\">\n\t\t\t<div class=\"elementor-widget-wrap elementor-element-populated\">\n\t\t\t\t\t\t<div class=\"elementor-element elementor-element-f69e113 elementor-widget elementor-widget-heading\" data-id=\"f69e113\" data-element_type=\"widget\" data-e-type=\"widget\" data-widget_type=\"heading.default\">\n\t\t\t\t<div class=\"elementor-widget-container\">\n\t\t\t\t\t<h1 class=\"elementor-heading-title elementor-size-default\">Colophon<\/h1>\t\t\t\t<\/div>\n\t\t\t\t<\/div>\n\t\t\t\t<div class=\"elementor-element elementor-element-729982c elementor-widget elementor-widget-text-editor\" data-id=\"729982c\" data-element_type=\"widget\" data-e-type=\"widget\" data-widget_type=\"text-editor.default\">\n\t\t\t\t<div class=\"elementor-widget-container\">\n\t\t\t\t\t\t\t\t\t<div class=\"container\"><div id=\"c22\" class=\"fsc-default textmedia\"><div class=\"bodytext\"><p><strong>Angaben gema\u0308\u00df \u00a7 5 TMG:<\/strong><\/p><p><strong>Schrade Stein Bildhauer<\/strong><br \/>Luis Schrade<\/p><p>Greit 1<br \/>88167 Maierh\u00f6fen<br \/>+49 151 558 465 28<br \/>+39 338 809 5687<\/p><p><a class=\"mail\" title=\"\" data-original-title=\"Opens internal link in current window\">luis@schrade-stein-bildhauer.com<\/a><\/p><p><strong>Umsatzsteuer-ID:<br \/><\/strong>Umsatzsteuer-Identifikationsnummer gema\u0308\u00df \u00a727 a Umsatzsteuergesetz: DE 348344884<\/p><p><strong>Online-Streitbeilegung<\/strong><\/p><div><p>Die Europ\u00e4ische Kommission stellt unter\u00a0<a class=\"external-link-new-window\" title=\"\" href=\"https:\/\/ec.europa.eu\/consumers\/odr\/\" target=\"_blank\" rel=\"noopener\" data-original-title=\"\">https:\/\/ec.europa.eu\/consumers\/odr\/<\/a>\u00a0eine Plattform zur Online-Streitbeilegung bereit, die Verbraucher f\u00fcr die Beilegung einer Streitigkeit nutzen k\u00f6nnen und auf der weitere Informationen zum Thema Streitschlichtung zu finden sind.<\/p><\/div><div><p><strong>Au\u00dfergerichtliche Streitbeilegung<\/strong><\/p><\/div><div><p>Wir sind weder verpflichtet noch dazu bereit, im Falle einer Streitigkeit mit einem Verbraucher an einem Streitbeilegungsverfahren vor einer Verbraucherschlichtungsstelle teilzunehmen.<\/p><\/div><\/div><\/div><\/div><div class=\"container\"><div id=\"c91\" class=\"fsc-default textmedia\" data-vp-repeat=\"true\"><div class=\"page-header\"><p class=\"textmedia-header\"><strong>Haftungsausschluss (Disclaimer)<\/strong><\/p><\/div><div class=\"bodytext\"><p>Als Diensteanbieter sind wir gem\u00e4\u00df \u00a7 7 Abs.1 TMG f\u00fcr eigene Inhalte auf diesen Seiten nach den allgemeinen Gesetzen verantwortlich. Nach \u00a7\u00a7 8 bis 10 TMG sind wir als Diensteanbieter jedoch nicht verpflichtet, \u00fcbermittelte oder gespeicherte fremde Informationen zu \u00fcberwachen oder nach Umst\u00e4nden zu forschen, die auf eine rechtswidrige T\u00e4tigkeit hinweisen.<\/p><p>Verpflichtungen zur Entfernung oder Sperrung der Nutzung von Informationen nach den allgemeinen Gesetzen bleiben hiervon unber\u00fchrt. Eine diesbez\u00fcgliche Haftung ist jedoch erst ab dem Zeitpunkt der Kenntnis einer konkreten Rechtsverletzung m\u00f6glich. Bei Bekanntwerden von entsprechenden Rechtsverletzungen werden wir diese Inhalte umgehend entfernen.<\/p><p><strong>Haftung f\u00fcr Links<\/strong><\/p><p>Unser Angebot enth\u00e4lt Links zu externen Webseiten Dritter, auf deren Inhalte wir keinen Einfluss haben. Deshalb k\u00f6nnen wir f\u00fcr diese fremden Inhalte auch keine Gew\u00e4hr \u00fcbernehmen. F\u00fcr die Inhalte der verlinkten Seiten ist stets der jeweilige Anbieter oder Betreiber der Seiten verantwortlich. Die verlinkten Seiten wurden zum Zeitpunkt der Verlinkung auf m\u00f6gliche Rechtsverst\u00f6\u00dfe \u00fcberpr\u00fcft. Rechtswidrige Inhalte waren zum Zeitpunkt der Verlinkung nicht erkennbar.<\/p><p>Eine permanente inhaltliche Kontrolle der verlinkten Seiten ist jedoch ohne konkrete Anhaltspunkte einer Rechtsverletzung nicht zumutbar. Bei Bekanntwerden von Rechtsverletzungen werden wir derartige Links umgehend entfernen.<\/p><p><strong>Urheberrecht<\/strong><\/p><p>Die durch die Seitenbetreiber erstellten Inhalte und Werke auf diesen Seiten unterliegen dem deutschen Urheberrecht. Die Vervielf\u00e4ltigung, Bearbeitung, Verbreitung und jede Art der Verwertung au\u00dferhalb der Grenzen des Urheberrechtes bed\u00fcrfen der schriftlichen Zustimmung des jeweiligen Autors bzw. Erstellers. Downloads und Kopien dieser Seite sind nur f\u00fcr den privaten, nicht kommerziellen Gebrauch gestattet.<\/p><p>Soweit die Inhalte auf dieser Seite nicht vom Betreiber erstellt wurden, werden die Urheberrechte Dritter beachtet. Insbesondere werden Inhalte Dritter als solche gekennzeichnet. Sollten Sie trotzdem auf eine Urheberrechtsverletzung aufmerksam werden, bitten wir um einen entsprechenden Hinweis. Bei Bekanntwerden von Rechtsverletzungen werden wir derartige Inhalte umgehend entfernen.<\/p><\/div><\/div><\/div>\t\t\t\t\t\t\t\t<\/div>\n\t\t\t\t<\/div>\n\t\t\t\t\t<\/div>\n\t\t<\/div>\n\t\t\t\t\t<\/div>\n\t\t<\/section>\n\t\t\t\t<\/div>","protected":false},"excerpt":{"rendered":"<p>Impressum Angaben gema\u0308\u00df \u00a7 5 TMG: Schrade Stein BildhauerLuis Schrade Greit 188167 Maierh\u00f6fen+49 151 558 465 28+39 338 809 5687 luis@schrade-stein-bildhauer.com Umsatzsteuer-ID:Umsatzsteuer-Identifikationsnummer gema\u0308\u00df \u00a727 a Umsatzsteuergesetz: DE 348344884 Online-Streitbeilegung Die Europ\u00e4ische Kommission stellt unter\u00a0https:\/\/ec.europa.eu\/consumers\/odr\/\u00a0eine Plattform zur Online-Streitbeilegung bereit, die Verbraucher f\u00fcr die Beilegung einer Streitigkeit nutzen k\u00f6nnen und auf der weitere Informationen zum Thema Streitschlichtung [&hellip;]<\/p>\n","protected":false},"author":1,"featured_media":0,"parent":0,"menu_order":0,"comment_status":"closed","ping_status":"closed","template":"","meta":{"site-sidebar-layout":"no-sidebar","site-content-layout":"page-builder","ast-site-content-layout":"full-width-container","site-content-style":"unboxed","site-sidebar-style":"unboxed","ast-global-header-display":"","ast-banner-title-visibility":"","ast-main-header-display":"","ast-hfb-above-header-display":"","ast-hfb-below-header-display":"","ast-hfb-mobile-header-display":"","site-post-title":"disabled","ast-breadcrumbs-content":"","ast-featured-img":"disabled","footer-sml-layout":"","ast-disable-related-posts":"","theme-transparent-header-meta":"enabled","adv-header-id-meta":"","stick-header-meta":"","header-above-stick-meta":"","header-main-stick-meta":"","header-below-stick-meta":"","astra-migrate-meta-layouts":"set","ast-page-background-enabled":"default","ast-page-background-meta":{"desktop":{"background-color":"","background-image":"","background-repeat":"repeat","background-position":"center center","background-size":"auto","background-attachment":"scroll","background-type":"","background-media":"","overlay-type":"","overlay-color":"","overlay-opacity":"","overlay-gradient":""},"tablet":{"background-color":"","background-image":"","background-repeat":"repeat","background-position":"center center","background-size":"auto","background-attachment":"scroll","background-type":"","background-media":"","overlay-type":"","overlay-color":"","overlay-opacity":"","overlay-gradient":""},"mobile":{"background-color":"","background-image":"","background-repeat":"repeat","background-position":"center center","background-size":"auto","background-attachment":"scroll","background-type":"","background-media":"","overlay-type":"","overlay-color":"","overlay-opacity":"","overlay-gradient":""}},"ast-content-background-meta":{"desktop":{"background-color":"var(--ast-global-color-5)","background-image":"","background-repeat":"repeat","background-position":"center center","background-size":"auto","background-attachment":"scroll","background-type":"","background-media":"","overlay-type":"","overlay-color":"","overlay-opacity":"","overlay-gradient":""},"tablet":{"background-color":"var(--ast-global-color-5)","background-image":"","background-repeat":"repeat","background-position":"center center","background-size":"auto","background-attachment":"scroll","background-type":"","background-media":"","overlay-type":"","overlay-color":"","overlay-opacity":"","overlay-gradient":""},"mobile":{"background-color":"var(--ast-global-color-5)","background-image":"","background-repeat":"repeat","background-position":"center center","background-size":"auto","background-attachment":"scroll","background-type":"","background-media":"","overlay-type":"","overlay-color":"","overlay-opacity":"","overlay-gradient":""}},"footnotes":""},"class_list":["post-513","page","type-page","status-publish","hentry"],"yoast_head":"<!-- This site is optimized with the Yoast SEO plugin v27.2 - https:\/\/yoast.com\/product\/yoast-seo-wordpress\/ -->\n<title>Impressum - Schrade Stein Bildhauer<\/title>\n<meta name=\"robots\" content=\"noindex, nofollow\" \/>\n<meta property=\"og:locale\" content=\"it_IT\" \/>\n<meta property=\"og:type\" content=\"article\" \/>\n<meta property=\"og:title\" content=\"Impressum - Schrade Stein Bildhauer\" \/>\n<meta property=\"og:description\" content=\"Impressum Angaben gema\u0308\u00df \u00a7 5 TMG: Schrade Stein BildhauerLuis Schrade Greit 188167 Maierh\u00f6fen+49 151 558 465 28+39 338 809 5687 luis@schrade-stein-bildhauer.com Umsatzsteuer-ID:Umsatzsteuer-Identifikationsnummer gema\u0308\u00df \u00a727 a Umsatzsteuergesetz: DE 348344884 Online-Streitbeilegung Die Europ\u00e4ische Kommission stellt unter\u00a0https:\/\/ec.europa.eu\/consumers\/odr\/\u00a0eine Plattform zur Online-Streitbeilegung bereit, die Verbraucher f\u00fcr die Beilegung einer Streitigkeit nutzen k\u00f6nnen und auf der weitere Informationen zum Thema Streitschlichtung [&hellip;]\" \/>\n<meta property=\"og:url\" content=\"https:\/\/suedtirol.steinwerkstatt.com\/it\/impressum\/\" \/>\n<meta property=\"og:site_name\" content=\"Schrade Stein Bildhauer\" \/>\n<meta property=\"article:modified_time\" content=\"2026-03-12T16:12:53+00:00\" \/>\n<meta property=\"og:image\" content=\"https:\/\/suedtirol.steinwerkstatt.com\/wp-content\/uploads\/2022\/02\/Schrade-Luis-11.jpg\" \/>\n\t<meta property=\"og:image:width\" content=\"1920\" \/>\n\t<meta property=\"og:image:height\" content=\"1280\" \/>\n\t<meta property=\"og:image:type\" content=\"image\/jpeg\" \/>\n<meta name=\"twitter:card\" content=\"summary_large_image\" \/>\n<meta name=\"twitter:label1\" content=\"Tempo di lettura stimato\" \/>\n\t<meta name=\"twitter:data1\" content=\"3 minuti\" \/>\n<script type=\"application\/ld+json\" class=\"yoast-schema-graph\">{\"@context\":\"https:\/\/schema.org\",\"@graph\":[{\"@type\":\"WebPage\",\"@id\":\"https:\/\/suedtirol.steinwerkstatt.com\/impressum\/\",\"url\":\"https:\/\/suedtirol.steinwerkstatt.com\/impressum\/\",\"name\":\"Impressum - Schrade Stein Bildhauer\",\"isPartOf\":{\"@id\":\"https:\/\/suedtirol.steinwerkstatt.com\/#website\"},\"datePublished\":\"2022-02-02T11:36:41+00:00\",\"dateModified\":\"2026-03-12T16:12:53+00:00\",\"breadcrumb\":{\"@id\":\"https:\/\/suedtirol.steinwerkstatt.com\/impressum\/#breadcrumb\"},\"inLanguage\":\"it-IT\",\"potentialAction\":[{\"@type\":\"ReadAction\",\"target\":[\"https:\/\/suedtirol.steinwerkstatt.com\/impressum\/\"]}]},{\"@type\":\"BreadcrumbList\",\"@id\":\"https:\/\/suedtirol.steinwerkstatt.com\/impressum\/#breadcrumb\",\"itemListElement\":[{\"@type\":\"ListItem\",\"position\":1,\"name\":\"Start\",\"item\":\"https:\/\/suedtirol.steinwerkstatt.com\/\"},{\"@type\":\"ListItem\",\"position\":2,\"name\":\"Impressum\"}]},{\"@type\":\"WebSite\",\"@id\":\"https:\/\/suedtirol.steinwerkstatt.com\/#website\",\"url\":\"https:\/\/suedtirol.steinwerkstatt.com\/\",\"name\":\"Schrade Stein Bildhauer\",\"description\":\"Luis Schrade - Steinwerkstatt in Isny, Maierh\u00f6fen\",\"publisher\":{\"@id\":\"https:\/\/suedtirol.steinwerkstatt.com\/#organization\"},\"potentialAction\":[{\"@type\":\"SearchAction\",\"target\":{\"@type\":\"EntryPoint\",\"urlTemplate\":\"https:\/\/suedtirol.steinwerkstatt.com\/?s={search_term_string}\"},\"query-input\":{\"@type\":\"PropertyValueSpecification\",\"valueRequired\":true,\"valueName\":\"search_term_string\"}}],\"inLanguage\":\"it-IT\"},{\"@type\":\"Organization\",\"@id\":\"https:\/\/suedtirol.steinwerkstatt.com\/#organization\",\"name\":\"Schrade Stein Bildhauer\",\"url\":\"https:\/\/suedtirol.steinwerkstatt.com\/\",\"logo\":{\"@type\":\"ImageObject\",\"inLanguage\":\"it-IT\",\"@id\":\"https:\/\/suedtirol.steinwerkstatt.com\/#\/schema\/logo\/image\/\",\"url\":\"https:\/\/suedtirol.steinwerkstatt.com\/wp-content\/uploads\/2022\/03\/cropped-logo.png\",\"contentUrl\":\"https:\/\/suedtirol.steinwerkstatt.com\/wp-content\/uploads\/2022\/03\/cropped-logo.png\",\"width\":505,\"height\":228,\"caption\":\"Schrade Stein Bildhauer\"},\"image\":{\"@id\":\"https:\/\/suedtirol.steinwerkstatt.com\/#\/schema\/logo\/image\/\"},\"sameAs\":[\"https:\/\/www.instagram.com\/luisschrade\/\"]}]}<\/script>\n<!-- \/ Yoast SEO plugin. -->","yoast_head_json":{"title":"Impressum - Schrade Stein Bildhauer","robots":{"index":"noindex","follow":"nofollow"},"og_locale":"it_IT","og_type":"article","og_title":"Impressum - Schrade Stein Bildhauer","og_description":"Impressum Angaben gema\u0308\u00df \u00a7 5 TMG: Schrade Stein BildhauerLuis Schrade Greit 188167 Maierh\u00f6fen+49 151 558 465 28+39 338 809 5687 luis@schrade-stein-bildhauer.com Umsatzsteuer-ID:Umsatzsteuer-Identifikationsnummer gema\u0308\u00df \u00a727 a Umsatzsteuergesetz: DE 348344884 Online-Streitbeilegung Die Europ\u00e4ische Kommission stellt unter\u00a0https:\/\/ec.europa.eu\/consumers\/odr\/\u00a0eine Plattform zur Online-Streitbeilegung bereit, die Verbraucher f\u00fcr die Beilegung einer Streitigkeit nutzen k\u00f6nnen und auf der weitere Informationen zum Thema Streitschlichtung [&hellip;]","og_url":"https:\/\/suedtirol.steinwerkstatt.com\/it\/impressum\/","og_site_name":"Schrade Stein Bildhauer","article_modified_time":"2026-03-12T16:12:53+00:00","og_image":[{"width":1920,"height":1280,"url":"https:\/\/suedtirol.steinwerkstatt.com\/wp-content\/uploads\/2022\/02\/Schrade-Luis-11.jpg","type":"image\/jpeg"}],"twitter_card":"summary_large_image","twitter_misc":{"Tempo di lettura stimato":"3 minuti"},"schema":{"@context":"https:\/\/schema.org","@graph":[{"@type":"WebPage","@id":"https:\/\/suedtirol.steinwerkstatt.com\/impressum\/","url":"https:\/\/suedtirol.steinwerkstatt.com\/impressum\/","name":"Impressum - Schrade Stein Bildhauer","isPartOf":{"@id":"https:\/\/suedtirol.steinwerkstatt.com\/#website"},"datePublished":"2022-02-02T11:36:41+00:00","dateModified":"2026-03-12T16:12:53+00:00","breadcrumb":{"@id":"https:\/\/suedtirol.steinwerkstatt.com\/impressum\/#breadcrumb"},"inLanguage":"it-IT","potentialAction":[{"@type":"ReadAction","target":["https:\/\/suedtirol.steinwerkstatt.com\/impressum\/"]}]},{"@type":"BreadcrumbList","@id":"https:\/\/suedtirol.steinwerkstatt.com\/impressum\/#breadcrumb","itemListElement":[{"@type":"ListItem","position":1,"name":"Start","item":"https:\/\/suedtirol.steinwerkstatt.com\/"},{"@type":"ListItem","position":2,"name":"Impressum"}]},{"@type":"WebSite","@id":"https:\/\/suedtirol.steinwerkstatt.com\/#website","url":"https:\/\/suedtirol.steinwerkstatt.com\/","name":"Schrade Stein Bildhauer","description":"Luis Schrade - Steinwerkstatt in Isny, Maierh\u00f6fen","publisher":{"@id":"https:\/\/suedtirol.steinwerkstatt.com\/#organization"},"potentialAction":[{"@type":"SearchAction","target":{"@type":"EntryPoint","urlTemplate":"https:\/\/suedtirol.steinwerkstatt.com\/?s={search_term_string}"},"query-input":{"@type":"PropertyValueSpecification","valueRequired":true,"valueName":"search_term_string"}}],"inLanguage":"it-IT"},{"@type":"Organization","@id":"https:\/\/suedtirol.steinwerkstatt.com\/#organization","name":"Schrade Stein Bildhauer","url":"https:\/\/suedtirol.steinwerkstatt.com\/","logo":{"@type":"ImageObject","inLanguage":"it-IT","@id":"https:\/\/suedtirol.steinwerkstatt.com\/#\/schema\/logo\/image\/","url":"https:\/\/suedtirol.steinwerkstatt.com\/wp-content\/uploads\/2022\/03\/cropped-logo.png","contentUrl":"https:\/\/suedtirol.steinwerkstatt.com\/wp-content\/uploads\/2022\/03\/cropped-logo.png","width":505,"height":228,"caption":"Schrade Stein Bildhauer"},"image":{"@id":"https:\/\/suedtirol.steinwerkstatt.com\/#\/schema\/logo\/image\/"},"sameAs":["https:\/\/www.instagram.com\/luisschrade\/"]}]}},"_links":{"self":[{"href":"https:\/\/suedtirol.steinwerkstatt.com\/it\/wp-json\/wp\/v2\/pages\/513","targetHints":{"allow":["GET"]}}],"collection":[{"href":"https:\/\/suedtirol.steinwerkstatt.com\/it\/wp-json\/wp\/v2\/pages"}],"about":[{"href":"https:\/\/suedtirol.steinwerkstatt.com\/it\/wp-json\/wp\/v2\/types\/page"}],"author":[{"embeddable":true,"href":"https:\/\/suedtirol.steinwerkstatt.com\/it\/wp-json\/wp\/v2\/users\/1"}],"replies":[{"embeddable":true,"href":"https:\/\/suedtirol.steinwerkstatt.com\/it\/wp-json\/wp\/v2\/comments?post=513"}],"version-history":[{"count":0,"href":"https:\/\/suedtirol.steinwerkstatt.com\/it\/wp-json\/wp\/v2\/pages\/513\/revisions"}],"wp:attachment":[{"href":"https:\/\/suedtirol.steinwerkstatt.com\/it\/wp-json\/wp\/v2\/media?parent=513"}],"curies":[{"name":"wp","href":"https:\/\/api.w.org\/{rel}","templated":true}]}}